{"id":27,"date":"2021-10-05T19:23:19","date_gmt":"2021-10-05T19:23:19","guid":{"rendered":"http:\/\/danielaantonelli.com.br\/?page_id=27"},"modified":"2021-12-29T18:16:13","modified_gmt":"2021-12-29T15:16:13","slug":"contatos","status":"publish","type":"page","link":"https:\/\/danielaantonelli.com.br\/index.php\/contatos\/","title":{"rendered":"Contatos"},"content":{"rendered":"\n<p class=\"has-medium-font-size\">Se voc\u00ea quiser conhecer mais sobre o meu trabalho, tirar d\u00favidas sobre como funcionam as consultas ou mesmo saber se a terapia \u00e9 para o seu momento de vida, entre em contato! Ficarei muito feliz em te conhecer!<\/p>\n\n\n\n<div class=\"wp-block-columns alignfull has-text-color has-background is-layout-flex wp-container-core-columns-is-layout-9d6595d7 wp-block-columns-is-layout-flex\" style=\"background-color:#ffffff;color:#000000\">\n<div class=\"wp-block-column is-layout-flow wp-block-column-is-layout-flow\">\n<h3 class=\"has-text-align-center wp-block-heading\" style=\"font-size:24px;line-height:1.3\"><strong>Email<\/strong><\/h3>\n\n\n\n<div class=\"wp-block-image\"><figure class=\"aligncenter size-full\"><a href=\"mailto:ola@danielaantonelli.com.br\" target=\"_blank\" rel=\"noopener\"><img loading=\"lazy\" decoding=\"async\" width=\"30\" height=\"31\" src=\"https:\/\/danielaantonelli.com.br\/wp-content\/uploads\/2021\/10\/icon_mail.png\" alt=\"\" class=\"wp-image-269\"\/><\/a><\/figure><\/div>\n\n\n\n<p class=\"has-text-align-center\"><a href=\"mailto:ola@danielaantonelli.com.br\" target=\"_blank\" rel=\"noreferrer noopener\">ola@danielaantonelli.com.br<\/a><\/p>\n<\/div>\n\n\n\n<div class=\"wp-block-column is-layout-flow wp-block-column-is-layout-flow\">\n<h3 class=\"has-text-align-center wp-block-heading\" style=\"font-size:24px;line-height:1.3\"><strong>Whatsapp<\/strong><\/h3>\n\n\n\n<div class=\"wp-block-image\"><figure class=\"aligncenter size-full\"><a href=\"https:\/\/api.whatsapp.com\/send?phone=5519982053916&amp;text=Ol%C3%A1!%20Estava%20no%20seu%20site%20e%20queria%20mais%20informa%C3%A7%C3%B5es!\"><img loading=\"lazy\" decoding=\"async\" width=\"30\" height=\"31\" src=\"https:\/\/danielaantonelli.com.br\/wp-content\/uploads\/2021\/10\/icon_wtsp.png\" alt=\"\" class=\"wp-image-266\"\/><\/a><\/figure><\/div>\n\n\n\n<p class=\"has-text-align-center\"><a href=\"https:\/\/api.whatsapp.com\/send?phone=5519998082204&amp;text=Ol%C3%A1!%20Queria%20mais%20informa%C3%A7%C3%B5es!\" target=\"_blank\" rel=\"noreferrer noopener\">+55 19 99808-2204<\/a><\/p>\n<\/div>\n\n\n\n<div class=\"wp-block-column is-layout-flow wp-block-column-is-layout-flow\">\n<h3 class=\"has-text-align-center wp-block-heading\" style=\"font-size:24px;line-height:1.3\"><strong>Instagram<\/strong><\/h3>\n\n\n\n<div class=\"wp-block-image\"><figure class=\"aligncenter size-full\"><a href=\"https:\/\/www.instagram.com\/dani.antonelli.psi\/\" target=\"_blank\" rel=\"noopener\"><img loading=\"lazy\" decoding=\"async\" width=\"30\" height=\"31\" src=\"https:\/\/danielaantonelli.com.br\/wp-content\/uploads\/2021\/10\/icon_ig.png\" alt=\"\" class=\"wp-image-271\"\/><\/a><\/figure><\/div>\n\n\n\n<p class=\"has-text-align-center\"><a href=\"https:\/\/www.instagram.com\/dani.antonelli.psi\/\" target=\"_blank\" rel=\"noreferrer noopener\">@dani.antonelli.psi<\/a><\/p>\n<\/div>\n<\/div>\n\n\n\n<p><\/p>\n","protected":false},"excerpt":{"rendered":"<p>Se voc\u00ea quiser conhecer mais sobre o meu trabalho, tirar d\u00favidas sobre como funcionam as consultas ou mesmo saber se a terapia \u00e9 para o seu momento de vida, entre em contato! Ficarei muito feliz em te conhecer! Email ola@danielaantonelli.com.br Whatsapp +55 19 99808-2204 Instagram @dani.antonelli.psi<\/p>\n","protected":false},"author":1,"featured_media":0,"parent":0,"menu_order":0,"comment_status":"closed","ping_status":"closed","template":"template-full-width.php","meta":{"sfsi_plus_gutenberg_text_before_share":"","sfsi_plus_gutenberg_show_text_before_share":"","sfsi_plus_gutenberg_icon_type":"","sfsi_plus_gutenberg_icon_alignemt":"","sfsi_plus_gutenburg_max_per_row":"","_joinchat":[],"footnotes":""},"class_list":["post-27","page","type-page","status-publish","hentry"],"_links":{"self":[{"href":"https:\/\/danielaantonelli.com.br\/index.php\/wp-json\/wp\/v2\/pages\/27","targetHints":{"allow":["GET"]}}],"collection":[{"href":"https:\/\/danielaantonelli.com.br\/index.php\/wp-json\/wp\/v2\/pages"}],"about":[{"href":"https:\/\/danielaantonelli.com.br\/index.php\/wp-json\/wp\/v2\/types\/page"}],"author":[{"embeddable":true,"href":"https:\/\/danielaantonelli.com.br\/index.php\/wp-json\/wp\/v2\/users\/1"}],"replies":[{"embeddable":true,"href":"https:\/\/danielaantonelli.com.br\/index.php\/wp-json\/wp\/v2\/comments?post=27"}],"version-history":[{"count":14,"href":"https:\/\/danielaantonelli.com.br\/index.php\/wp-json\/wp\/v2\/pages\/27\/revisions"}],"predecessor-version":[{"id":436,"href":"https:\/\/danielaantonelli.com.br\/index.php\/wp-json\/wp\/v2\/pages\/27\/revisions\/436"}],"wp:attachment":[{"href":"https:\/\/danielaantonelli.com.br\/index.php\/wp-json\/wp\/v2\/media?parent=27"}],"curies":[{"name":"wp","href":"https:\/\/api.w.org\/{rel}","templated":true}]}}