{"id":24,"date":"2021-10-05T19:22:56","date_gmt":"2021-10-05T19:22:56","guid":{"rendered":"http:\/\/danielaantonelli.com.br\/?page_id=24"},"modified":"2021-12-30T17:19:07","modified_gmt":"2021-12-30T14:19:07","slug":"a-psicanalista","status":"publish","type":"page","link":"https:\/\/danielaantonelli.com.br\/index.php\/a-psicanalista\/","title":{"rendered":"A psicanalista"},"content":{"rendered":"\n<div class=\"wp-block-columns is-layout-flex wp-container-core-columns-is-layout-9d6595d7 wp-block-columns-is-layout-flex\">\n<div class=\"wp-block-column is-layout-flow wp-block-column-is-layout-flow\">\n<div class=\"wp-block-columns is-layout-flex wp-container-core-columns-is-layout-9d6595d7 wp-block-columns-is-layout-flex\">\n<div class=\"wp-block-column is-layout-flow wp-block-column-is-layout-flow\">\n<div class=\"wp-block-image is-style-default\"><figure class=\"aligncenter size-full\"><img loading=\"lazy\" decoding=\"async\" width=\"972\" height=\"652\" src=\"https:\/\/danielaantonelli.com.br\/wp-content\/uploads\/2021\/12\/DaniAntonelli.png\" alt=\"\" class=\"wp-image-334\" srcset=\"https:\/\/danielaantonelli.com.br\/wp-content\/uploads\/2021\/12\/DaniAntonelli.png 972w, https:\/\/danielaantonelli.com.br\/wp-content\/uploads\/2021\/12\/DaniAntonelli-300x201.png 300w, https:\/\/danielaantonelli.com.br\/wp-content\/uploads\/2021\/12\/DaniAntonelli-768x515.png 768w, https:\/\/danielaantonelli.com.br\/wp-content\/uploads\/2021\/12\/DaniAntonelli-535x359.png 535w, https:\/\/danielaantonelli.com.br\/wp-content\/uploads\/2021\/12\/DaniAntonelli-850x570.png 850w\" sizes=\"auto, (max-width: 972px) 100vw, 972px\" \/><\/figure><\/div>\n<\/div>\n<\/div>\n<\/div>\n<\/div>\n\n\n\n<p class=\"has-medium-font-size\">Meu nome \u00e9 Daniela Antonelli do Ros\u00e1rio, nasci nos anos 80, em uma pequena cidade no interior de S\u00e3o Paulo chamada Indaiatuba, pela qual sou apaixonada. <br><br>Quando eu era crian\u00e7a, meu <em>hobbie <\/em>favorito era escrever est\u00f3rias e pensava em como seria a personalidade de cada personagem. Observar os comportamentos de meus colegas de escola e familiares me ajudava muito a ter mais clareza a respeito de como construir e escrever sobre cada um deles e, com isso, a minha curiosidade e fasc\u00ednio pela mente humana despertava a cada dia mais. <br><br>Alguns anos mais tarde, tomei um \u00f4nibus de Campinas para Indaiatuba, ap\u00f3s ter assistido a uma pe\u00e7a teatral com amigos na cidade. Era uma \u00e9poca em que eu estava envolvida em alguns grupos de teatro e sempre correndo, ora para ensaios, ora para prestigiar o trabalho de colegas. <\/p>\n\n\n\n<div class=\"wp-block-image\"><figure class=\"aligncenter size-large is-resized\"><img decoding=\"async\" src=\"https:\/\/danielaantonelli.com.br\/wp-content\/uploads\/2021\/12\/onibus-1024x283.png\" alt=\"\" class=\"wp-image-424\" width=\"600\" srcset=\"https:\/\/danielaantonelli.com.br\/wp-content\/uploads\/2021\/12\/onibus-1024x283.png 1024w, https:\/\/danielaantonelli.com.br\/wp-content\/uploads\/2021\/12\/onibus-300x83.png 300w, https:\/\/danielaantonelli.com.br\/wp-content\/uploads\/2021\/12\/onibus-768x212.png 768w, https:\/\/danielaantonelli.com.br\/wp-content\/uploads\/2021\/12\/onibus-535x148.png 535w, https:\/\/danielaantonelli.com.br\/wp-content\/uploads\/2021\/12\/onibus-850x235.png 850w, https:\/\/danielaantonelli.com.br\/wp-content\/uploads\/2021\/12\/onibus.png 1200w\" sizes=\"(max-width: 1024px) 100vw, 1024px\" \/><\/figure><\/div>\n\n\n\n<p class=\"has-medium-font-size\">Na ocasi\u00e3o, o \u00f4nibus estava lotado, ent\u00e3o sentei no \u00faltimo banco. Por ser mais elevado em rela\u00e7\u00e3o aos demais, eu tive a oportunidade de ver as pessoas que ali estavam sob um outro \u00e2ngulo. Me recordo que havia uma m\u00e3e que estava tentando conversar com seu filho adolescente. Mas ele n\u00e3o dava a ela abertura para um di\u00e1logo e pude notar seu olhar profundamente triste por n\u00e3o saber como agir enquanto olhava para ele. Senti vontade de ajudar de alguma forma\u2026 &#8220;- Mas como?&#8221; &#8211; eu matutava. <br><br>Em um outro banco havia um casal que discutia e nenhum dos dois dava a chance do outro falar. Um sobrepunha a fala do outro, com raiva, e \u00e9 claro que nenhuma resolu\u00e7\u00e3o saia daquele contexto. &#8220;-Se eu pudesse fazer alguma coisa\u2026&#8221; &#8211; pensei mais uma vez, quase que como um sussurro. At\u00e9 o \u00f4nibus partir, vi mais conflitos e a minha vontade era de fazer algo para que as pessoas vissem as situa\u00e7\u00f5es com mais leveza, harmonia e at\u00e9 mesmo com humor. <br><br>A partir desse dia comecei a minha pesquisa a respeito de algo que pudesse me ajudar a ajudar pessoas e, ent\u00e3o, me tornei uma leitora ass\u00eddua de conte\u00fados sobre autoconhecimento. Nesse caminho descobri a psican\u00e1lise e quanto mais lia sobre, maior era a vontade de adquirir mais conhecimento sobre o m\u00e9todo. <\/p>\n\n\n\n<div class=\"wp-block-columns is-layout-flex wp-container-core-columns-is-layout-9d6595d7 wp-block-columns-is-layout-flex\">\n<div class=\"wp-block-column is-layout-flow wp-block-column-is-layout-flow\">\n<div class=\"wp-block-image\"><figure class=\"aligncenter size-large is-resized\"><img decoding=\"async\" src=\"https:\/\/danielaantonelli.com.br\/wp-content\/uploads\/2021\/12\/coracao-1024x369.png\" alt=\"\" class=\"wp-image-427\" width=\"600\" srcset=\"https:\/\/danielaantonelli.com.br\/wp-content\/uploads\/2021\/12\/coracao-1024x369.png 1024w, https:\/\/danielaantonelli.com.br\/wp-content\/uploads\/2021\/12\/coracao-300x108.png 300w, https:\/\/danielaantonelli.com.br\/wp-content\/uploads\/2021\/12\/coracao-768x276.png 768w, https:\/\/danielaantonelli.com.br\/wp-content\/uploads\/2021\/12\/coracao-535x193.png 535w, https:\/\/danielaantonelli.com.br\/wp-content\/uploads\/2021\/12\/coracao-850x306.png 850w, https:\/\/danielaantonelli.com.br\/wp-content\/uploads\/2021\/12\/coracao.png 1200w\" sizes=\"(max-width: 1024px) 100vw, 1024px\" \/><\/figure><\/div>\n<\/div>\n<\/div>\n\n\n\n<div class=\"wp-block-columns is-layout-flex wp-container-core-columns-is-layout-9d6595d7 wp-block-columns-is-layout-flex\">\n<div class=\"wp-block-column is-layout-flow wp-block-column-is-layout-flow\" style=\"flex-basis:33.33%\">\n<figure class=\"wp-block-image size-full\"><img loading=\"lazy\" decoding=\"async\" width=\"717\" height=\"1024\" src=\"https:\/\/danielaantonelli.com.br\/wp-content\/uploads\/2021\/12\/Dimi.png\" alt=\"Dimi <3\" class=\"wp-image-355\" title=\"Dimi <3\" srcset=\"https:\/\/danielaantonelli.com.br\/wp-content\/uploads\/2021\/12\/Dimi.png 717w, https:\/\/danielaantonelli.com.br\/wp-content\/uploads\/2021\/12\/Dimi-210x300.png 210w, https:\/\/danielaantonelli.com.br\/wp-content\/uploads\/2021\/12\/Dimi-535x764.png 535w\" sizes=\"auto, (max-width: 717px) 100vw, 717px\" \/><figcaption>Dimi &lt;3<\/figcaption><\/figure>\n<\/div>\n\n\n\n<div class=\"wp-block-column is-layout-flow wp-block-column-is-layout-flow\" style=\"flex-basis:66.66%\">\n<p class=\"has-medium-font-size\">Sempre trabalhei, desde muito jovem, passando por diversas \u00e1reas e empresas, dentre elas duas grandes, em que atuei com atendimento a clientes dos Estados Unidos e Canad\u00e1, na maior parte do tempo. Sempre gostei de atender, de servir, de ajudar pessoas colocando o meu melhor em cada tarefa, pois me alegro ao ver pessoas felizes e satisfeitas. Mas, mesmo ainda prestando servi\u00e7os na \u00e1rea de atendimento que sempre gostei, a inten\u00e7\u00e3o de auxiliar pessoas a compreenderem seus processos internos nunca foi embora.<\/p>\n\n\n\n<p class=\"has-medium-font-size\">Em 2012, tive a honra de ser m\u00e3e. Sendo m\u00e3e solo, por\u00e9m com o carinho e apoio emocional de meus queridos pais, carreguei meu beb\u00ea por nove meses na barriga e quase quatro meses em meus bra\u00e7os. Por\u00e9m, devido a uma meningite agressiva, ele n\u00e3o resistiu. Passei pelo processo de luto de algu\u00e9m que eu jamais imaginava ter que ver partir: meu filho Dimitri. E foi ele pr\u00f3prio que tanto me ensinou, me fortaleceu, me transformou em uma pessoa melhor. \u00c9 a ele quem devo minha eterna gratid\u00e3o em poder continuar trilhando o caminho para ajudar pessoas a buscarem o autoconhecimento e o entendimento de tudo o que permeia nossas vidas.<\/p>\n\n\n\n<p class=\"has-medium-font-size\">Hoje sou casada. Meu marido sempre foi um grande apoiador do meu trabalho e me motiva a cada dia a seguir em frente.<\/p>\n<\/div>\n<\/div>\n\n\n\n<div class=\"wp-block-image\"><figure class=\"aligncenter size-large is-resized\"><img decoding=\"async\" src=\"https:\/\/danielaantonelli.com.br\/wp-content\/uploads\/2021\/12\/livros-1024x316.png\" alt=\"\" class=\"wp-image-432\" width=\"600\" srcset=\"https:\/\/danielaantonelli.com.br\/wp-content\/uploads\/2021\/12\/livros-1024x316.png 1024w, https:\/\/danielaantonelli.com.br\/wp-content\/uploads\/2021\/12\/livros-300x93.png 300w, https:\/\/danielaantonelli.com.br\/wp-content\/uploads\/2021\/12\/livros-768x237.png 768w, https:\/\/danielaantonelli.com.br\/wp-content\/uploads\/2021\/12\/livros-535x165.png 535w, https:\/\/danielaantonelli.com.br\/wp-content\/uploads\/2021\/12\/livros-850x262.png 850w, https:\/\/danielaantonelli.com.br\/wp-content\/uploads\/2021\/12\/livros.png 1516w\" sizes=\"(max-width: 1024px) 100vw, 1024px\" \/><\/figure><\/div>\n\n\n\n<div class=\"wp-block-columns is-layout-flex wp-container-core-columns-is-layout-9d6595d7 wp-block-columns-is-layout-flex\">\n<div class=\"wp-block-column is-layout-flow wp-block-column-is-layout-flow\" style=\"flex-basis:66.66%\">\n<p class=\"has-text-align-left has-medium-font-size\">Tive a oportunidade de me formar no Instituto Paulista de Psican\u00e1lise em 2017 e, desde ent\u00e3o, venho aprimorando meus estudos.<\/p>\n\n\n\n<p class=\"has-text-align-left has-medium-font-size\">Em 2021, ap\u00f3s um processo interior necess\u00e1rio e o aux\u00edlio de uma grande amiga, que me ajudou a construir cada detalhe desse novo ciclo, resolvi me dedicar aos sonhos daquela menina que estava no \u00f4nibus, anos atr\u00e1s, que queria ajudar pessoas a terem vidas mais felizes.<\/p>\n\n\n\n<p class=\"has-medium-font-size\">E a\u00ed? Vamos embarcar nessa viagem comigo? \ud83d\ude00<\/p>\n<\/div>\n\n\n\n<div class=\"wp-block-column is-layout-flow wp-block-column-is-layout-flow\" style=\"flex-basis:33.33%\">\n<figure class=\"wp-block-image size-full\"><img loading=\"lazy\" decoding=\"async\" width=\"648\" height=\"832\" src=\"https:\/\/danielaantonelli.com.br\/wp-content\/uploads\/2021\/12\/Bezinelli.png\" alt=\"Com o psicanalista e professor Luiz Vicente\u00a0Bezinelli\" class=\"wp-image-357\" title=\"Com o psicanalista e professor Luiz Vicente\u00a0Bezinelli\" srcset=\"https:\/\/danielaantonelli.com.br\/wp-content\/uploads\/2021\/12\/Bezinelli.png 648w, https:\/\/danielaantonelli.com.br\/wp-content\/uploads\/2021\/12\/Bezinelli-234x300.png 234w, https:\/\/danielaantonelli.com.br\/wp-content\/uploads\/2021\/12\/Bezinelli-535x687.png 535w\" sizes=\"auto, (max-width: 648px) 100vw, 648px\" \/><figcaption>Com o psicanalista e professor Luiz Vicente&nbsp;<em>Bezinelli<\/em><\/figcaption><\/figure>\n<\/div>\n<\/div>\n\n\n\n<div class=\"wp-block-columns is-layout-flex wp-container-core-columns-is-layout-9d6595d7 wp-block-columns-is-layout-flex\">\n<div class=\"wp-block-column is-layout-flow wp-block-column-is-layout-flow\">\n<div class=\"wp-block-image\"><figure class=\"alignleft size-medium is-resized\"><img loading=\"lazy\" decoding=\"async\" src=\"https:\/\/danielaantonelli.com.br\/wp-content\/uploads\/2021\/12\/DaniAssinatura-300x50.png\" alt=\"\" class=\"wp-image-339\" width=\"300\" height=\"50\" srcset=\"https:\/\/danielaantonelli.com.br\/wp-content\/uploads\/2021\/12\/DaniAssinatura-300x50.png 300w, https:\/\/danielaantonelli.com.br\/wp-content\/uploads\/2021\/12\/DaniAssinatura-1024x171.png 1024w, https:\/\/danielaantonelli.com.br\/wp-content\/uploads\/2021\/12\/DaniAssinatura-768x128.png 768w, https:\/\/danielaantonelli.com.br\/wp-content\/uploads\/2021\/12\/DaniAssinatura-535x89.png 535w, https:\/\/danielaantonelli.com.br\/wp-content\/uploads\/2021\/12\/DaniAssinatura-850x142.png 850w, https:\/\/danielaantonelli.com.br\/wp-content\/uploads\/2021\/12\/DaniAssinatura.png 1035w\" sizes=\"auto, (max-width: 300px) 100vw, 300px\" \/><figcaption><em>Psicanalista | IPP 100092<\/em><\/figcaption><\/figure><\/div>\n\n\n\n<p class=\"has-medium-font-size\"><\/p>\n\n\n\n<p><\/p>\n<\/div>\n<\/div>\n\n\n\n<p><\/p>\n\n\n\n<div class=\"wp-block-columns is-layout-flex wp-container-core-columns-is-layout-9d6595d7 wp-block-columns-is-layout-flex\"><\/div>\n","protected":false},"excerpt":{"rendered":"<p>Meu nome \u00e9 Daniela Antonelli do Ros\u00e1rio, nasci nos anos 80, em uma pequena cidade no interior de S\u00e3o Paulo chamada Indaiatuba, pela qual sou apaixonada. Quando eu era crian\u00e7a, meu hobbie favorito era escrever est\u00f3rias e pensava em como seria a personalidade de cada personagem. Observar os comportamentos de&hellip;<\/p>\n","protected":false},"author":2,"featured_media":0,"parent":0,"menu_order":0,"comment_status":"closed","ping_status":"closed","template":"template-full-width.php","meta":{"sfsi_plus_gutenberg_text_before_share":"","sfsi_plus_gutenberg_show_text_before_share":"","sfsi_plus_gutenberg_icon_type":"","sfsi_plus_gutenberg_icon_alignemt":"","sfsi_plus_gutenburg_max_per_row":"","_joinchat":[],"footnotes":""},"class_list":["post-24","page","type-page","status-publish","hentry"],"_links":{"self":[{"href":"https:\/\/danielaantonelli.com.br\/index.php\/wp-json\/wp\/v2\/pages\/24","targetHints":{"allow":["GET"]}}],"collection":[{"href":"https:\/\/danielaantonelli.com.br\/index.php\/wp-json\/wp\/v2\/pages"}],"about":[{"href":"https:\/\/danielaantonelli.com.br\/index.php\/wp-json\/wp\/v2\/types\/page"}],"author":[{"embeddable":true,"href":"https:\/\/danielaantonelli.com.br\/index.php\/wp-json\/wp\/v2\/users\/2"}],"replies":[{"embeddable":true,"href":"https:\/\/danielaantonelli.com.br\/index.php\/wp-json\/wp\/v2\/comments?post=24"}],"version-history":[{"count":76,"href":"https:\/\/danielaantonelli.com.br\/index.php\/wp-json\/wp\/v2\/pages\/24\/revisions"}],"predecessor-version":[{"id":485,"href":"https:\/\/danielaantonelli.com.br\/index.php\/wp-json\/wp\/v2\/pages\/24\/revisions\/485"}],"wp:attachment":[{"href":"https:\/\/danielaantonelli.com.br\/index.php\/wp-json\/wp\/v2\/media?parent=24"}],"curies":[{"name":"wp","href":"https:\/\/api.w.org\/{rel}","templated":true}]}}