{"id":22,"date":"2021-10-05T19:21:04","date_gmt":"2021-10-05T19:21:04","guid":{"rendered":"http:\/\/danielaantonelli.com.br\/?page_id=22"},"modified":"2021-12-28T21:21:28","modified_gmt":"2021-12-28T18:21:28","slug":"sobre-a-psicanalise","status":"publish","type":"page","link":"https:\/\/danielaantonelli.com.br\/index.php\/sobre-a-psicanalise\/","title":{"rendered":"A psican\u00e1lise"},"content":{"rendered":"\n<p class=\"has-medium-font-size\">A partir dos estudos de Sigmund Freud a respeito da psique humana, nasceu a Psican\u00e1lise, que tem como objetivo a investiga\u00e7\u00e3o da mente a partir de suas interpreta\u00e7\u00f5es mentais. <\/p>\n\n\n\n<div class=\"wp-block-columns are-vertically-aligned-center is-layout-flex wp-container-core-columns-is-layout-9d6595d7 wp-block-columns-is-layout-flex\">\n<div class=\"wp-block-column is-vertically-aligned-center is-layout-flow wp-block-column-is-layout-flow\" style=\"flex-basis:33.33%\">\n<figure class=\"wp-block-image size-full\"><img loading=\"lazy\" decoding=\"async\" width=\"990\" height=\"1155\" src=\"https:\/\/danielaantonelli.com.br\/wp-content\/uploads\/2021\/10\/sigmund.jpeg\" alt=\"\" class=\"wp-image-136\" srcset=\"https:\/\/danielaantonelli.com.br\/wp-content\/uploads\/2021\/10\/sigmund.jpeg 990w, https:\/\/danielaantonelli.com.br\/wp-content\/uploads\/2021\/10\/sigmund-257x300.jpeg 257w, https:\/\/danielaantonelli.com.br\/wp-content\/uploads\/2021\/10\/sigmund-878x1024.jpeg 878w, https:\/\/danielaantonelli.com.br\/wp-content\/uploads\/2021\/10\/sigmund-768x896.jpeg 768w, https:\/\/danielaantonelli.com.br\/wp-content\/uploads\/2021\/10\/sigmund-535x624.jpeg 535w, https:\/\/danielaantonelli.com.br\/wp-content\/uploads\/2021\/10\/sigmund-850x992.jpeg 850w\" sizes=\"auto, (max-width: 990px) 100vw, 990px\" \/><figcaption>Sigmund Freud<\/figcaption><\/figure>\n<\/div>\n\n\n\n<div class=\"wp-block-column is-vertically-aligned-center is-layout-flow wp-block-column-is-layout-flow\" style=\"flex-basis:66.66%\">\n<p class=\"has-medium-font-size\">Durante as sess\u00f5es s\u00e3o analisados pensamentos, sonhos, desejos e lembran\u00e7as de forma que consigamos trazer para a superf\u00edcie sentimentos ligados a acontecimentos e fatores que muitas vezes nem imaginamos que repousam em nosso subconsciente. <\/p>\n\n\n\n<p class=\"has-medium-font-size\">\u00c0s vezes, nos encontramos nas profundezas de nossas emo\u00e7\u00f5es mais densas, como se estiv\u00e9ssemos perdidos em n\u00f3s mesmos e essas sensa\u00e7\u00f5es se intensificam com o passar do tempo, podendo se tornar patologias quando n\u00e3o buscamos ajuda profissional. <\/p>\n\n\n\n<p class=\"has-medium-font-size\">O papel do psicanalista \u00e9 prestar aux\u00edlio com t\u00e9cnicas espec\u00edficas, compreendendo os conflitos e medos que ocorrem e sempre os traduzindo para uma vis\u00e3o clara e organizada. Esse processo estimula reflex\u00f5es e <em>insights* <\/em>no analisando e \u00e9 durante ele que se d\u00e1 a cura das emo\u00e7\u00f5es.<\/p>\n<\/div>\n<\/div>\n\n\n\n<hr class=\"wp-block-separator\"\/>\n\n\n\n<div class=\"wp-block-columns is-layout-flex wp-container-core-columns-is-layout-9d6595d7 wp-block-columns-is-layout-flex\">\n<div class=\"wp-block-column is-layout-flow wp-block-column-is-layout-flow\">\n<p><em>*Insights &#8211; Termo em ingl\u00eas que significa &#8220;Compreens\u00e3o ou solu\u00e7\u00e3o de um problema pela s\u00fabita capta\u00e7\u00e3o mental dos elementos e rela\u00e7\u00f5es adequados.&#8221;<\/em><\/p>\n<\/div>\n<\/div>\n\n\n\n<div class=\"wp-block-image\"><figure class=\"aligncenter size-full\"><img loading=\"lazy\" decoding=\"async\" width=\"300\" height=\"323\" src=\"https:\/\/danielaantonelli.com.br\/wp-content\/uploads\/2021\/10\/desenho2.png\" alt=\"\" class=\"wp-image-129\" srcset=\"https:\/\/danielaantonelli.com.br\/wp-content\/uploads\/2021\/10\/desenho2.png 300w, https:\/\/danielaantonelli.com.br\/wp-content\/uploads\/2021\/10\/desenho2-279x300.png 279w\" sizes=\"auto, (max-width: 300px) 100vw, 300px\" \/><\/figure><\/div>\n\n\n\n<div class=\"wp-block-columns is-layout-flex wp-container-core-columns-is-layout-9d6595d7 wp-block-columns-is-layout-flex\">\n<div class=\"wp-block-column is-layout-flow wp-block-column-is-layout-flow\"><\/div>\n<\/div>\n","protected":false},"excerpt":{"rendered":"<p>A partir dos estudos de Sigmund Freud a respeito da psique humana, nasceu a Psican\u00e1lise, que tem como objetivo a investiga\u00e7\u00e3o da mente a partir de suas interpreta\u00e7\u00f5es mentais. Durante as sess\u00f5es s\u00e3o analisados pensamentos, sonhos, desejos e lembran\u00e7as de forma que consigamos trazer para a superf\u00edcie sentimentos ligados a&hellip;<\/p>\n","protected":false},"author":1,"featured_media":0,"parent":0,"menu_order":0,"comment_status":"closed","ping_status":"closed","template":"template-full-width.php","meta":{"sfsi_plus_gutenberg_text_before_share":"","sfsi_plus_gutenberg_show_text_before_share":"","sfsi_plus_gutenberg_icon_type":"","sfsi_plus_gutenberg_icon_alignemt":"","sfsi_plus_gutenburg_max_per_row":"","_joinchat":[],"footnotes":""},"class_list":["post-22","page","type-page","status-publish","hentry"],"_links":{"self":[{"href":"https:\/\/danielaantonelli.com.br\/index.php\/wp-json\/wp\/v2\/pages\/22","targetHints":{"allow":["GET"]}}],"collection":[{"href":"https:\/\/danielaantonelli.com.br\/index.php\/wp-json\/wp\/v2\/pages"}],"about":[{"href":"https:\/\/danielaantonelli.com.br\/index.php\/wp-json\/wp\/v2\/types\/page"}],"author":[{"embeddable":true,"href":"https:\/\/danielaantonelli.com.br\/index.php\/wp-json\/wp\/v2\/users\/1"}],"replies":[{"embeddable":true,"href":"https:\/\/danielaantonelli.com.br\/index.php\/wp-json\/wp\/v2\/comments?post=22"}],"version-history":[{"count":26,"href":"https:\/\/danielaantonelli.com.br\/index.php\/wp-json\/wp\/v2\/pages\/22\/revisions"}],"predecessor-version":[{"id":414,"href":"https:\/\/danielaantonelli.com.br\/index.php\/wp-json\/wp\/v2\/pages\/22\/revisions\/414"}],"wp:attachment":[{"href":"https:\/\/danielaantonelli.com.br\/index.php\/wp-json\/wp\/v2\/media?parent=22"}],"curies":[{"name":"wp","href":"https:\/\/api.w.org\/{rel}","templated":true}]}}