{"id":100,"date":"2021-10-05T21:15:31","date_gmt":"2021-10-05T21:15:31","guid":{"rendered":"http:\/\/danielaantonelli.com.br\/?page_id=100"},"modified":"2021-12-28T21:22:25","modified_gmt":"2021-12-28T18:22:25","slug":"home","status":"publish","type":"page","link":"https:\/\/danielaantonelli.com.br\/","title":{"rendered":"Quem \u00e9 voc\u00ea?"},"content":{"rendered":"\n<p class=\"has-medium-font-size\">Em meio a correria do seu dia a dia, j\u00e1 se deu um tempo para refletir sobre essa quest\u00e3o? <\/p>\n\n\n\n<p class=\"has-medium-font-size\">Parece simples, pois \u00e9 muito comum que ao nos depararmos com essa pergunta, a nossa profiss\u00e3o ou papel social seja automaticamente a primeira resposta. Mas e se apenas por um momento voc\u00ea precisasse soltar desses r\u00f3tulos, por mais que possam lhe significar grandes conquistas, o que voc\u00ea responderia? <\/p>\n\n\n\n<p class=\"has-medium-font-size\">Nem sempre nos damos a oportunidade para refletir profundamente a respeito de quest\u00f5es t\u00e3o delicadas, por\u00e9m quanto mais nos questionamos, maior \u00e9 a vontade de mergulhar em n\u00f3s mesmos. O autoconhecimento \u00e9 essencial para compreendermos quem realmente somos, o que vai muito al\u00e9m das nossas fun\u00e7\u00f5es di\u00e1rias. <\/p>\n\n\n\n<p class=\"has-medium-font-size\">Quando tomamos a decis\u00e3o de adentrar em n\u00f3s mesmos, nos permitimos conhecer a imensid\u00e3o e a for\u00e7a que reside dentro de cada um de n\u00f3s.<\/p>\n","protected":false},"excerpt":{"rendered":"<p>Em meio a correria do seu dia a dia, j\u00e1 se deu um tempo para refletir sobre essa quest\u00e3o? Parece simples, pois \u00e9 muito comum que ao nos depararmos com essa pergunta, a nossa profiss\u00e3o ou papel social seja automaticamente a primeira resposta. Mas e se apenas por um momento&hellip;<\/p>\n","protected":false},"author":1,"featured_media":0,"parent":0,"menu_order":0,"comment_status":"closed","ping_status":"closed","template":"template-full-width.php","meta":{"sfsi_plus_gutenberg_text_before_share":"","sfsi_plus_gutenberg_show_text_before_share":"","sfsi_plus_gutenberg_icon_type":"","sfsi_plus_gutenberg_icon_alignemt":"","sfsi_plus_gutenburg_max_per_row":"","_joinchat":[],"footnotes":""},"class_list":["post-100","page","type-page","status-publish","hentry"],"_links":{"self":[{"href":"https:\/\/danielaantonelli.com.br\/index.php\/wp-json\/wp\/v2\/pages\/100","targetHints":{"allow":["GET"]}}],"collection":[{"href":"https:\/\/danielaantonelli.com.br\/index.php\/wp-json\/wp\/v2\/pages"}],"about":[{"href":"https:\/\/danielaantonelli.com.br\/index.php\/wp-json\/wp\/v2\/types\/page"}],"author":[{"embeddable":true,"href":"https:\/\/danielaantonelli.com.br\/index.php\/wp-json\/wp\/v2\/users\/1"}],"replies":[{"embeddable":true,"href":"https:\/\/danielaantonelli.com.br\/index.php\/wp-json\/wp\/v2\/comments?post=100"}],"version-history":[{"count":8,"href":"https:\/\/danielaantonelli.com.br\/index.php\/wp-json\/wp\/v2\/pages\/100\/revisions"}],"predecessor-version":[{"id":415,"href":"https:\/\/danielaantonelli.com.br\/index.php\/wp-json\/wp\/v2\/pages\/100\/revisions\/415"}],"wp:attachment":[{"href":"https:\/\/danielaantonelli.com.br\/index.php\/wp-json\/wp\/v2\/media?parent=100"}],"curies":[{"name":"wp","href":"https:\/\/api.w.org\/{rel}","templated":true}]}}